{"id":29,"date":"2026-04-23T09:04:40","date_gmt":"2026-04-23T09:04:40","guid":{"rendered":"https:\/\/lhvvietnam.vn\/?page_id=29"},"modified":"2026-04-23T09:04:40","modified_gmt":"2026-04-23T09:04:40","slug":"lien-he","status":"publish","type":"page","link":"https:\/\/lhvvietnam.vn\/?page_id=29","title":{"rendered":"Li\u00ean H\u1ec7"},"content":{"rendered":"","protected":false},"excerpt":{"rendered":"","protected":false},"author":1,"featured_media":0,"parent":0,"menu_order":0,"comment_status":"closed","ping_status":"closed","template":"","meta":{"footnotes":""},"class_list":["post-29","page","type-page","status-publish","hentry"],"yoast_head":"<!-- This site is optimized with the Yoast SEO plugin v27.4 - https:\/\/yoast.com\/product\/yoast-seo-wordpress\/ -->\n<title>Li\u00ean H\u1ec7 - C\u00d4NG TY TNHH S\u1ea2N XU\u1ea4T V\u00c0 TH\u01af\u01a0NG M\u1ea0I LHV VI\u1ec6T NAM<\/title>\n<meta name=\"robots\" content=\"noindex, follow, max-snippet:-1, max-image-preview:large, max-video-preview:-1\" \/>\n<meta property=\"og:locale\" content=\"vi_VN\" \/>\n<meta property=\"og:type\" content=\"article\" \/>\n<meta property=\"og:title\" content=\"Li\u00ean H\u1ec7 - C\u00d4NG TY TNHH S\u1ea2N XU\u1ea4T V\u00c0 TH\u01af\u01a0NG M\u1ea0I LHV VI\u1ec6T NAM\" \/>\n<meta property=\"og:url\" content=\"https:\/\/lhvvietnam.vn\/?page_id=29\" \/>\n<meta property=\"og:site_name\" content=\"C\u00d4NG TY TNHH S\u1ea2N XU\u1ea4T V\u00c0 TH\u01af\u01a0NG M\u1ea0I LHV VI\u1ec6T NAM\" \/>\n<meta name=\"twitter:card\" content=\"summary_large_image\" \/>\n<script type=\"application\/ld+json\" class=\"yoast-schema-graph\">{\"@context\":\"https:\\\/\\\/schema.org\",\"@graph\":[{\"@type\":\"WebPage\",\"@id\":\"https:\\\/\\\/lhvvietnam.vn\\\/?page_id=29\",\"url\":\"https:\\\/\\\/lhvvietnam.vn\\\/?page_id=29\",\"name\":\"Li\u00ean H\u1ec7 - C\u00d4NG TY TNHH S\u1ea2N XU\u1ea4T V\u00c0 TH\u01af\u01a0NG M\u1ea0I LHV VI\u1ec6T NAM\",\"isPartOf\":{\"@id\":\"https:\\\/\\\/lhvvietnam.vn\\\/#website\"},\"datePublished\":\"2026-04-23T09:04:40+00:00\",\"breadcrumb\":{\"@id\":\"https:\\\/\\\/lhvvietnam.vn\\\/?page_id=29#breadcrumb\"},\"inLanguage\":\"vi\",\"potentialAction\":[{\"@type\":\"ReadAction\",\"target\":[\"https:\\\/\\\/lhvvietnam.vn\\\/?page_id=29\"]}]},{\"@type\":\"BreadcrumbList\",\"@id\":\"https:\\\/\\\/lhvvietnam.vn\\\/?page_id=29#breadcrumb\",\"itemListElement\":[{\"@type\":\"ListItem\",\"position\":1,\"name\":\"Trang ch\u1ee7\",\"item\":\"https:\\\/\\\/lhvvietnam.vn\\\/\"},{\"@type\":\"ListItem\",\"position\":2,\"name\":\"Li\u00ean H\u1ec7\"}]},{\"@type\":\"WebSite\",\"@id\":\"https:\\\/\\\/lhvvietnam.vn\\\/#website\",\"url\":\"https:\\\/\\\/lhvvietnam.vn\\\/\",\"name\":\"C\u00d4NG TY TNHH S\u1ea2N XU\u1ea4T V\u00c0 TH\u01af\u01a0NG M\u1ea0I LHV VI\u1ec6T NAM\",\"description\":\"LHV Vi\u1ec7t Nam - Ph\u00e2n Ph\u1ed1i Thi\u1ebft B\u1ecb Kh\u00ed N\u00e9n SMC &amp; B\u00e0n Khu\u00f4n M\u1eabu\",\"potentialAction\":[{\"@type\":\"SearchAction\",\"target\":{\"@type\":\"EntryPoint\",\"urlTemplate\":\"https:\\\/\\\/lhvvietnam.vn\\\/?s={search_term_string}\"},\"query-input\":{\"@type\":\"PropertyValueSpecification\",\"valueRequired\":true,\"valueName\":\"search_term_string\"}}],\"inLanguage\":\"vi\"}]}<\/script>\n<!-- \/ Yoast SEO plugin. -->","yoast_head_json":{"title":"Li\u00ean H\u1ec7 - C\u00d4NG TY TNHH S\u1ea2N XU\u1ea4T V\u00c0 TH\u01af\u01a0NG M\u1ea0I LHV VI\u1ec6T NAM","robots":{"index":"noindex","follow":"follow","max-snippet":"max-snippet:-1","max-image-preview":"max-image-preview:large","max-video-preview":"max-video-preview:-1"},"og_locale":"vi_VN","og_type":"article","og_title":"Li\u00ean H\u1ec7 - C\u00d4NG TY TNHH S\u1ea2N XU\u1ea4T V\u00c0 TH\u01af\u01a0NG M\u1ea0I LHV VI\u1ec6T NAM","og_url":"https:\/\/lhvvietnam.vn\/?page_id=29","og_site_name":"C\u00d4NG TY TNHH S\u1ea2N XU\u1ea4T V\u00c0 TH\u01af\u01a0NG M\u1ea0I LHV VI\u1ec6T NAM","twitter_card":"summary_large_image","schema":{"@context":"https:\/\/schema.org","@graph":[{"@type":"WebPage","@id":"https:\/\/lhvvietnam.vn\/?page_id=29","url":"https:\/\/lhvvietnam.vn\/?page_id=29","name":"Li\u00ean H\u1ec7 - C\u00d4NG TY TNHH S\u1ea2N XU\u1ea4T V\u00c0 TH\u01af\u01a0NG M\u1ea0I LHV VI\u1ec6T NAM","isPartOf":{"@id":"https:\/\/lhvvietnam.vn\/#website"},"datePublished":"2026-04-23T09:04:40+00:00","breadcrumb":{"@id":"https:\/\/lhvvietnam.vn\/?page_id=29#breadcrumb"},"inLanguage":"vi","potentialAction":[{"@type":"ReadAction","target":["https:\/\/lhvvietnam.vn\/?page_id=29"]}]},{"@type":"BreadcrumbList","@id":"https:\/\/lhvvietnam.vn\/?page_id=29#breadcrumb","itemListElement":[{"@type":"ListItem","position":1,"name":"Trang ch\u1ee7","item":"https:\/\/lhvvietnam.vn\/"},{"@type":"ListItem","position":2,"name":"Li\u00ean H\u1ec7"}]},{"@type":"WebSite","@id":"https:\/\/lhvvietnam.vn\/#website","url":"https:\/\/lhvvietnam.vn\/","name":"C\u00d4NG TY TNHH S\u1ea2N XU\u1ea4T V\u00c0 TH\u01af\u01a0NG M\u1ea0I LHV VI\u1ec6T NAM","description":"LHV Vi\u1ec7t Nam - Ph\u00e2n Ph\u1ed1i Thi\u1ebft B\u1ecb Kh\u00ed N\u00e9n SMC &amp; B\u00e0n Khu\u00f4n M\u1eabu","potentialAction":[{"@type":"SearchAction","target":{"@type":"EntryPoint","urlTemplate":"https:\/\/lhvvietnam.vn\/?s={search_term_string}"},"query-input":{"@type":"PropertyValueSpecification","valueRequired":true,"valueName":"search_term_string"}}],"inLanguage":"vi"}]}},"_links":{"self":[{"href":"https:\/\/lhvvietnam.vn\/index.php?rest_route=\/wp\/v2\/pages\/29","targetHints":{"allow":["GET"]}}],"collection":[{"href":"https:\/\/lhvvietnam.vn\/index.php?rest_route=\/wp\/v2\/pages"}],"about":[{"href":"https:\/\/lhvvietnam.vn\/index.php?rest_route=\/wp\/v2\/types\/page"}],"author":[{"embeddable":true,"href":"https:\/\/lhvvietnam.vn\/index.php?rest_route=\/wp\/v2\/users\/1"}],"replies":[{"embeddable":true,"href":"https:\/\/lhvvietnam.vn\/index.php?rest_route=%2Fwp%2Fv2%2Fcomments&post=29"}],"version-history":[{"count":1,"href":"https:\/\/lhvvietnam.vn\/index.php?rest_route=\/wp\/v2\/pages\/29\/revisions"}],"predecessor-version":[{"id":30,"href":"https:\/\/lhvvietnam.vn\/index.php?rest_route=\/wp\/v2\/pages\/29\/revisions\/30"}],"wp:attachment":[{"href":"https:\/\/lhvvietnam.vn\/index.php?rest_route=%2Fwp%2Fv2%2Fmedia&parent=29"}],"curies":[{"name":"wp","href":"https:\/\/api.w.org\/{rel}","templated":true}]}}